{"id":7151,"date":"2024-09-17T10:55:00","date_gmt":"2024-09-17T08:55:00","guid":{"rendered":"http:\/\/www.dagattractieszeeland.nl\/ueber-dagattracties-zeeland\/"},"modified":"2024-12-30T11:03:33","modified_gmt":"2024-12-30T09:03:33","slug":"ueber-dagattracties-zeeland","status":"publish","type":"page","link":"https:\/\/www.dagattractieszeeland.nl\/de\/ueber-dagattracties-zeeland\/","title":{"rendered":"\u00dcber Dagattracties Zeeland"},"content":{"rendered":"<p>Dagattracties Zeeland ist die Plattform f\u00fcr alle, die auf der Suche nach den besten Ausflugszielen in Zeeland sind. Ob Sie nun Action, Entspannung, Kultur oder Natur m\u00f6gen, hier finden Sie eine komplette \u00dcbersicht \u00fcber Aktivit\u00e4ten, die f\u00fcr jeden etwas bieten. Mit Dutzenden von einzigartigen Tagesattraktionen, die an einem Ort gesammelt sind, machen wir die Planung Ihres perfekten Tagesausflugs einfach und inspirierend. Die Auswahl ist vielf\u00e4ltig: von abenteuerlichen Kletterw\u00e4ldern und faszinierenden Museen bis hin zu entspannenden Grachtenfahrten und Indoor-Spielpl\u00e4tzen f\u00fcr die Kleinen. Tagesattraktionen Zeeland bringt die besten Aktivit\u00e4ten und Attraktionen zusammen. Ob Sie mit der Familie, mit Freunden oder mit Kollegen ausgehen, Sie werden immer eine Aktivit\u00e4t finden, die Ihren Bed\u00fcrfnissen entspricht. Was Dagattracties Zeeland einzigartig macht, ist die Zusammenarbeit zwischen lokalen Unternehmern. Diese Organisationen haben ein gemeinsames Ziel: Ihnen ein unvergessliches Erlebnis zu bieten und Ihnen das Beste von Zeeland zu zeigen. Die Plattform ist \u00fcbersichtlich und benutzerfreundlich, so dass Sie mit wenigen Klicks Ihren idealen Ausflug finden und planen k\u00f6nnen. Ganz gleich, ob Sie eine sportliche Herausforderung suchen, eine kulturelle Entdeckungstour unternehmen oder einfach nur einen Tag lang entspannen m\u00f6chten, Dagattracties Zeeland hilft Ihnen auf Ihrem Weg. Entdecken Sie die Vielseitigkeit dieser sch\u00f6nen Region und machen Sie Ihren n\u00e4chsten Ausflug unvergesslich. Zeeland wartet auf Sie!  <\/p>\n","protected":false},"excerpt":{"rendered":"<p>Dagattracties Zeeland ist die Plattform f\u00fcr alle, die auf der Suche nach den besten Ausflugszielen in Zeeland sind. Ob Sie nun Action, Entspannung, Kultur oder Natur m\u00f6gen, hier finden Sie eine komplette \u00dcbersicht \u00fcber Aktivit\u00e4ten, die f\u00fcr jeden etwas bieten. Mit Dutzenden von einzigartigen Tagesattraktionen, die an einem Ort gesammelt sind, machen wir die Planung [&hellip;]<\/p>\n","protected":false},"author":1,"featured_media":0,"parent":0,"menu_order":0,"comment_status":"closed","ping_status":"closed","template":"","meta":{"_acf_changed":false,"footnotes":""},"class_list":["post-7151","page","type-page","status-publish","hentry"],"acf":[],"_links":{"self":[{"href":"https:\/\/www.dagattractieszeeland.nl\/de\/wp-json\/wp\/v2\/pages\/7151","targetHints":{"allow":["GET"]}}],"collection":[{"href":"https:\/\/www.dagattractieszeeland.nl\/de\/wp-json\/wp\/v2\/pages"}],"about":[{"href":"https:\/\/www.dagattractieszeeland.nl\/de\/wp-json\/wp\/v2\/types\/page"}],"author":[{"embeddable":true,"href":"https:\/\/www.dagattractieszeeland.nl\/de\/wp-json\/wp\/v2\/users\/1"}],"replies":[{"embeddable":true,"href":"https:\/\/www.dagattractieszeeland.nl\/de\/wp-json\/wp\/v2\/comments?post=7151"}],"version-history":[{"count":1,"href":"https:\/\/www.dagattractieszeeland.nl\/de\/wp-json\/wp\/v2\/pages\/7151\/revisions"}],"predecessor-version":[{"id":7257,"href":"https:\/\/www.dagattractieszeeland.nl\/de\/wp-json\/wp\/v2\/pages\/7151\/revisions\/7257"}],"wp:attachment":[{"href":"https:\/\/www.dagattractieszeeland.nl\/de\/wp-json\/wp\/v2\/media?parent=7151"}],"curies":[{"name":"wp","href":"https:\/\/api.w.org\/{rel}","templated":true}]}}