{"id":7160,"date":"2020-08-26T11:59:16","date_gmt":"2020-08-26T09:59:16","guid":{"rendered":"http:\/\/www.dagattractieszeeland.nl\/tagesattraktionen-zeeland-finden-sie-ihren-idealen-tagesausflug-in-zeeland\/"},"modified":"2024-12-30T13:51:00","modified_gmt":"2024-12-30T11:51:00","slug":"tagesattraktionen-zeeland-finden-sie-ihren-idealen-tagesausflug-in-zeeland","status":"publish","type":"page","link":"https:\/\/www.dagattractieszeeland.nl\/de\/","title":{"rendered":"Tagesattraktionen Zeeland: Finden Sie Ihren idealen Tagesausflug in Zeeland"},"content":{"rendered":"<p>Entdecken Sie die gro\u00dfe Auswahl an Tagesattraktionen in Zeeland, die Dutzende von einzigartigen Ausflugszielen in ganz Zeeland zusammenfasst. Ob Sie nun aktive und abenteuerliche Aktivit\u00e4ten wie Klettern, Radfahren oder Wandern m\u00f6gen oder lieber entspannende Optionen wie Schwimmen oder Wellness bevorzugen, hier werden Sie alles finden. F\u00fcr Familien mit Kindern gibt es jede Menge M\u00f6glichkeiten mit lustigen Spielpl\u00e4tzen und Indoor-Aktivit\u00e4ten f\u00fcr Regentage. Sind Sie ein Liebhaber des Wassers? Zeeland bietet eine Reihe von Wassersportarten, vom Segeln \u00fcber Abendessen bis zum Tauchen. Oder gehen Sie an Bord einer der speziellen Bootstouren und Tagesausfl\u00fcge, bei denen Sie die sch\u00f6ne Umgebung vom Wasser aus entdecken. Auch f\u00fcr Kultur- und Naturliebhaber hat Zeeland viel zu bieten: historische St\u00e4dte, einzigartige Museen und atemberaubende Naturschutzgebiete. Mit Dagattracties Zeeland ist es ganz einfach, Ihre Freizeitbesch\u00e4ftigung zu finden. Ob Sie nun auf der Suche nach Abenteuer, Entspannung, Kultur oder etwas f\u00fcr die ganze Familie sind, Sie finden alles auf einer Plattform. Werfen Sie einen Blick auf das Angebot an Ausfl\u00fcgen und Aktivit\u00e4ten und erleben Sie das Beste von Zeeland!<\/p>\n","protected":false},"excerpt":{"rendered":"<p>Entdecken Sie die gro\u00dfe Auswahl an Tagesattraktionen in Zeeland, die Dutzende von einzigartigen Ausflugszielen in ganz Zeeland zusammenfasst. Ob Sie nun aktive und abenteuerliche Aktivit\u00e4ten wie Klettern, Radfahren oder Wandern m\u00f6gen oder lieber entspannende Optionen wie Schwimmen oder Wellness bevorzugen, hier werden Sie alles finden. F\u00fcr Familien mit Kindern gibt es jede Menge M\u00f6glichkeiten mit [&hellip;]<\/p>\n","protected":false},"author":1,"featured_media":0,"parent":0,"menu_order":0,"comment_status":"closed","ping_status":"closed","template":"","meta":{"_acf_changed":false,"footnotes":""},"class_list":["post-7160","page","type-page","status-publish","hentry"],"acf":[],"_links":{"self":[{"href":"https:\/\/www.dagattractieszeeland.nl\/de\/wp-json\/wp\/v2\/pages\/7160","targetHints":{"allow":["GET"]}}],"collection":[{"href":"https:\/\/www.dagattractieszeeland.nl\/de\/wp-json\/wp\/v2\/pages"}],"about":[{"href":"https:\/\/www.dagattractieszeeland.nl\/de\/wp-json\/wp\/v2\/types\/page"}],"author":[{"embeddable":true,"href":"https:\/\/www.dagattractieszeeland.nl\/de\/wp-json\/wp\/v2\/users\/1"}],"replies":[{"embeddable":true,"href":"https:\/\/www.dagattractieszeeland.nl\/de\/wp-json\/wp\/v2\/comments?post=7160"}],"version-history":[{"count":2,"href":"https:\/\/www.dagattractieszeeland.nl\/de\/wp-json\/wp\/v2\/pages\/7160\/revisions"}],"predecessor-version":[{"id":7286,"href":"https:\/\/www.dagattractieszeeland.nl\/de\/wp-json\/wp\/v2\/pages\/7160\/revisions\/7286"}],"wp:attachment":[{"href":"https:\/\/www.dagattractieszeeland.nl\/de\/wp-json\/wp\/v2\/media?parent=7160"}],"curies":[{"name":"wp","href":"https:\/\/api.w.org\/{rel}","templated":true}]}}